{"id":2,"date":"2013-12-04T21:38:51","date_gmt":"2013-12-04T21:38:51","guid":{"rendered":"http:\/\/www.ffcam38.com\/jeunes-alpinistes\/?page_id=2"},"modified":"2022-10-14T22:53:37","modified_gmt":"2022-10-14T20:53:37","slug":"welcome","status":"publish","type":"page","link":"https:\/\/www.ffcam38.com\/jeunes-alpinistes\/welcome\/","title":{"rendered":"Welcome !"},"content":{"rendered":"<p>Bienvenue sur le site internet des \u00e9quipes Jeunes Alpinistes du Comit\u00e9 D\u00e9partemental Is\u00e8re de la FFCAM.<\/p>\n<p>Editeur : <a href=\"http:\/\/ffcam38.com\/qui-sommes-nous\/\">FFCAM 38 <\/a><\/p>\n<p>Webmaster : Nicolas Gamby<\/p>\n","protected":false},"excerpt":{"rendered":"<p>Bienvenue sur le site internet des \u00e9quipes Jeunes Alpinistes du Comit\u00e9 D\u00e9partemental Is\u00e8re de la FFCAM. Editeur : FFCAM 38 Webmaster : Nicolas Gamby<\/p>\n","protected":false},"author":2,"featured_media":0,"parent":0,"menu_order":1,"comment_status":"open","ping_status":"open","template":"","meta":{"footnotes":""},"class_list":["post-2","page","type-page","status-publish","hentry"],"_links":{"self":[{"href":"https:\/\/www.ffcam38.com\/jeunes-alpinistes\/wp-json\/wp\/v2\/pages\/2","targetHints":{"allow":["GET"]}}],"collection":[{"href":"https:\/\/www.ffcam38.com\/jeunes-alpinistes\/wp-json\/wp\/v2\/pages"}],"about":[{"href":"https:\/\/www.ffcam38.com\/jeunes-alpinistes\/wp-json\/wp\/v2\/types\/page"}],"author":[{"embeddable":true,"href":"https:\/\/www.ffcam38.com\/jeunes-alpinistes\/wp-json\/wp\/v2\/users\/2"}],"replies":[{"embeddable":true,"href":"https:\/\/www.ffcam38.com\/jeunes-alpinistes\/wp-json\/wp\/v2\/comments?post=2"}],"version-history":[{"count":5,"href":"https:\/\/www.ffcam38.com\/jeunes-alpinistes\/wp-json\/wp\/v2\/pages\/2\/revisions"}],"predecessor-version":[{"id":5288,"href":"https:\/\/www.ffcam38.com\/jeunes-alpinistes\/wp-json\/wp\/v2\/pages\/2\/revisions\/5288"}],"wp:attachment":[{"href":"https:\/\/www.ffcam38.com\/jeunes-alpinistes\/wp-json\/wp\/v2\/media?parent=2"}],"curies":[{"name":"wp","href":"https:\/\/api.w.org\/{rel}","templated":true}]}}